{"id":2746,"date":"2020-05-29T13:32:58","date_gmt":"2020-05-29T11:32:58","guid":{"rendered":"https:\/\/sunhelp.de\/?page_id=2746"},"modified":"2024-07-06T10:28:01","modified_gmt":"2024-07-06T08:28:01","slug":"unsere-geschichte","status":"publish","type":"page","link":"https:\/\/sunhelp.de\/en\/unsere-geschichte\/","title":{"rendered":"Our Story"},"content":{"rendered":"<div id=\"pl-2746\"  class=\"panel-layout\" ><div id=\"pg-2746-0\"  class=\"panel-grid panel-has-style\" ><div class=\"panel-row-style panel-row-style-for-2746-0\" ><div id=\"pgc-2746-0-0\"  class=\"panel-grid-cell\" ><div id=\"panel-2746-0-0-0\" class=\"so-panel widget widget_sow-editor panel-first-child\" data-index=\"0\" ><div\n\t\t\t\n\t\t\tclass=\"so-widget-sow-editor so-widget-sow-editor-base\"\n\t\t\t\n\t\t>\n<div class=\"siteorigin-widget-tinymce textwidget\">\n\t<h2><span style=\"color: #88ba57;\">How it all Started<\/span><\/h2>\n<\/div>\n<\/div><\/div><div id=\"panel-2746-0-0-1\" class=\"so-panel widget widget_ink-divider\" data-index=\"1\" ><div\n\t\t\t\n\t\t\tclass=\"so-widget-ink-divider so-widget-ink-divider-divider-678a372a2b59-2746\"\n\t\t\t\n\t\t><div class=\"iw-so-divider-top\"><\/div>\n<div class=\"iw-so-divider\"><\/div>\n<div class=\"iw-so-divider-bottom\"><\/div>\n<\/div><\/div><div id=\"panel-2746-0-0-2\" class=\"so-panel widget widget_sow-editor panel-last-child\" data-index=\"2\" ><div\n\t\t\t\n\t\t\tclass=\"so-widget-sow-editor so-widget-sow-editor-base\"\n\t\t\t\n\t\t>\n<div class=\"siteorigin-widget-tinymce textwidget\">\n\t<p>It was a normal working day in 2014. Sebastian was working as a consulting engineer in the field of renewable energies and was making plans for the energy supply of a country he had never been to. So far in his young career he had already produced heaps of paper, written reports, carried out spreadsheets...<\/p>\n<p>He felt an emptiness in his day-to-day work, a <strong>sense of dissatisfaction<\/strong> when he went to the office in the morning. And he wasn't alone in that. At the time, I too was wondering what the coming years actually had in store, now that we had arrived in the world of work. Was that the routine until retirement?<\/p>\n<p>&nbsp;<\/p>\n<p>Our generation - born in the 80's and early 90's - is often referred to by sociologists as \"Generation Y\". The Y stands for the English word <em>why <\/em>and is intended to indicate our urge to question ourselves and to seek the meaning behind what we do. At least on this point we can agree with the social researchers. <strong>It's about the search for meaning, it's about a fulfilling life.<\/strong><\/p>\n<p>&nbsp;<\/p>\n<p><img loading=\"lazy\" decoding=\"async\" class=\"alignnone size-full wp-image-3239\" src=\"https:\/\/sunhelp.de\/wp-content\/uploads\/2020\/06\/sunhelp-projekt-seidenstrasse-story.jpg\" alt=\"sunhelp-projekt-seidenstrasse-story\" width=\"900\" height=\"600\" srcset=\"https:\/\/sunhelp.de\/wp-content\/uploads\/2020\/06\/sunhelp-projekt-seidenstrasse-story.jpg 900w, https:\/\/sunhelp.de\/wp-content\/uploads\/2020\/06\/sunhelp-projekt-seidenstrasse-story-300x200.jpg 300w, https:\/\/sunhelp.de\/wp-content\/uploads\/2020\/06\/sunhelp-projekt-seidenstrasse-story-768x512.jpg 768w, https:\/\/sunhelp.de\/wp-content\/uploads\/2020\/06\/sunhelp-projekt-seidenstrasse-story-600x400.jpg 600w, https:\/\/sunhelp.de\/wp-content\/uploads\/2020\/06\/sunhelp-projekt-seidenstrasse-story-272x182.jpg 272w\" sizes=\"auto, (max-width: 900px) 100vw, 900px\" \/><\/p>\n<p>&nbsp;<\/p>\n<p>So it might not come as a surprise that Sebastian didn't feel particularly comfortable in his working environment and began to question himself and his work more often. Expert opinions, studies, reports, even whole series of reports were formulated day in and day out, equipped with fancy graphics and forecasts and then printed on paper. This paper was then leafed through a few times, officially set aside and eventually moved to a folder called \"References\"...<\/p>\n<p>As Sebastian unfortunately had to learn, only a fraction of the projects were actually implemented. And the implemented projects were retrospectively given the rating \"useful\" only in rare exceptions.<\/p>\n<p>A <strong>fulfilling job looked different in his eyes<\/strong> looked different in his eyes...<\/p>\n<p>&nbsp;<\/p>\n<p><img loading=\"lazy\" decoding=\"async\" class=\"alignnone size-full wp-image-3244\" src=\"https:\/\/sunhelp.de\/wp-content\/uploads\/2020\/06\/wie-alles-begann-sunhelp.jpg\" alt=\"wie-alles-begann-sunhelp\" width=\"900\" height=\"675\" srcset=\"https:\/\/sunhelp.de\/wp-content\/uploads\/2020\/06\/wie-alles-begann-sunhelp.jpg 900w, https:\/\/sunhelp.de\/wp-content\/uploads\/2020\/06\/wie-alles-begann-sunhelp-267x200.jpg 267w, https:\/\/sunhelp.de\/wp-content\/uploads\/2020\/06\/wie-alles-begann-sunhelp-768x576.jpg 768w\" sizes=\"auto, (max-width: 900px) 100vw, 900px\" \/><\/p>\n<p>&nbsp;<\/p>\n<p>But back to that working day in 2014. An e-mail reached his inbox that day, the sender came from Kenya. He got Sebastian's contact details by chance. His concern: He has been running a small <strong>Orphanage in Kenya<\/strong> for several years and had heard about the possibility of using environmentally friendly solar energy to reduce long-term dependence on harmful kerosene lamps and reduce energy costs at the same time.<\/p>\n<p>He asked if Sebastian could somehow volunteer to help him with this idea?<\/p>\n<p>&nbsp;<\/p>\n<p>And there it was all of a sudden: the feeling and the prospect of being able to support something good, concrete, meaningful with your skills and the knowledge you had acquired. Little paper, lots of results.<\/p>\n<p><strong>The project was a complete success.<\/strong><\/p>\n<p>Nur wenige Wochen sp\u00e4ter gr\u00fcndeten Sebastian und ich, gemeinsam mit Familie und Freunden, den gemeinn\u00fctzigen Verein SunHelp International e.V. - \u00fcber 160 Solarkocher und knapp 400 Solaranlagen sp\u00e4ter hat sich unsere ehrenamtliche Mission nicht ge\u00e4ndert: umweltfreundliche Energie f\u00fcr die \u00e4rmsten Menschen weltweit.<\/p>\n<p>&nbsp;<\/p>\n<p>&nbsp;<\/p>\n<p>Perhaps you are now wondering whether Sebastian still produces mountains of paper on the side and sits in the office?<\/p>\n<p>Well, I can reassure you. Two years later, in July 2016, we both quit our jobs and headed off on a <strong>world trip<\/strong> with no return date.<\/p>\n<p>We have become professional travel bloggers. Our website <em>reisefroh.de<\/em> begr\u00fc\u00dfte monatlich \u00fcber 150.000 Leserinnen und Leser! Doch das ist nicht das einzige Web-Projekt, das wir aufgebaut haben. Mittlerweile schreiben wir auf <a style=\"color: #88ba57;\" href=\"https:\/\/freigefuehlt.de\/\" target=\"_blank\" rel=\"noopener\">FREIgef\u00fchlt<\/a> content about our new favorite topics <a style=\"color: #88ba57;\" href=\"https:\/\/freigefuehlt.de\/was-ist-meditation\/\" target=\"_blank\" rel=\"noopener\">meditation<\/a>, <a style=\"color: #88ba57;\" href=\"https:\/\/freigefuehlt.de\/hypnose\/\" target=\"_blank\" rel=\"noopener\">Hypnose<\/a> und Pers\u00f6nlichkeitsentwicklung und helfen Menschen dabei, ihre \u00c4ngste und Blockaden zu \u00fcberwinden.<\/p>\n<p>Our desire to travel has of course remained and we are on the road whenever we get the chance. Since then, we have combined all trips to developing countries with our voluntary work here at SunHelp. Install solar panels, conduct training and connect with charities around the world.<\/p>\n<p>&nbsp;<\/p>\n<p>We have found fun and conviction in our work again, have rediscovered deeper meaning.<\/p>\n<p>&nbsp;<\/p>\n<p><img loading=\"lazy\" decoding=\"async\" class=\"alignnone size-full wp-image-3238\" src=\"https:\/\/sunhelp.de\/wp-content\/uploads\/2020\/06\/unsere-geschichte-sunhelp.jpg\" alt=\"unsere-geschichte-sunhelp\" width=\"900\" height=\"652\" srcset=\"https:\/\/sunhelp.de\/wp-content\/uploads\/2020\/06\/unsere-geschichte-sunhelp.jpg 900w, https:\/\/sunhelp.de\/wp-content\/uploads\/2020\/06\/unsere-geschichte-sunhelp-276x200.jpg 276w, https:\/\/sunhelp.de\/wp-content\/uploads\/2020\/06\/unsere-geschichte-sunhelp-768x556.jpg 768w\" sizes=\"auto, (max-width: 900px) 100vw, 900px\" \/><\/p>\n<p>&nbsp;<\/p>\n<p><strong>Would you like to support our cause and helping on the long term?<\/strong><\/p>\n<p>A <a style=\"color: #88ba57;\" href=\"https:\/\/sunhelp.de\/en\/spenden\/\">Donation<\/a>, a <a style=\"color: #88ba57;\" href=\"https:\/\/sunhelp.de\/en\/mitglied-werden\/\">Membership<\/a> or a <a style=\"color: #88ba57;\" href=\"https:\/\/sunhelp.de\/en\/solarpatenschaft\/\">Sponsorship<\/a> verbessern nachweislich und langfristig das Leben der Menschen in extremer Armut. Und wie wir es schaffen, dank dem Einsatz Erneuerbarer Energien Armut zu bek\u00e4mpfen, Bildungschancen von Kindern zu erh\u00f6hen und die Gesundheit der Familien zu verbessern, das erf\u00e4hrst Du <a style=\"color: #88ba57;\" href=\"https:\/\/sunhelp.de\/en\/motivation-ziele\/\">here<\/a>.<\/p>\n<p>Wenn Du wissen m\u00f6chtest, woran wir derzeit arbeiten und Deine Hilfe gebrauchen k\u00f6nnten, dann wirf gerne einen Blick in unsere <a style=\"color: #88ba57;\" href=\"https:\/\/sunhelp.de\/en\/aktuelle-projekte\/\">current projects<\/a>!<\/p>\n<p>&nbsp;<\/p>\n<p>&nbsp;<\/p>\n<p><img loading=\"lazy\" decoding=\"async\" class=\"wp-image-2749 alignleft\" title=\"Anne &amp; Sebastian von SunHelp\" src=\"https:\/\/sunhelp.de\/wp-content\/uploads\/2020\/05\/sunhelp-anne-sebastian.png\" alt=\"sunhelp-anne-sebastian\" width=\"161\" height=\"161\" srcset=\"https:\/\/sunhelp.de\/wp-content\/uploads\/2020\/05\/sunhelp-anne-sebastian.png 289w, https:\/\/sunhelp.de\/wp-content\/uploads\/2020\/05\/sunhelp-anne-sebastian-200x200.png 200w, https:\/\/sunhelp.de\/wp-content\/uploads\/2020\/05\/sunhelp-anne-sebastian-150x150.png 150w\" sizes=\"auto, (max-width: 161px) 100vw, 161px\" \/><\/p>\n<p>Do you have any questions, ideas or constructive criticism about our work and the association? We are looking forward to your feedback! Just send us a message: <a style=\"color: #88ba57;\" href=\"mailto:info@sunhelp.de\">info@sunhelp.de<\/a><\/p>\n<p>&nbsp;<\/p>\n<p>Sunny greetings,<\/p>\n<p><img loading=\"lazy\" decoding=\"async\" class=\"alignnone wp-image-1370\" src=\"https:\/\/sunhelp.de\/wp-content\/uploads\/2020\/01\/anne-sebastian-haffner-unterschrift.png\" alt=\"Anne und Sebastian Haffner, SunHelp\" width=\"334\" height=\"38\" srcset=\"https:\/\/sunhelp.de\/wp-content\/uploads\/2020\/01\/anne-sebastian-haffner-unterschrift.png 529w, https:\/\/sunhelp.de\/wp-content\/uploads\/2020\/01\/anne-sebastian-haffner-unterschrift-300x34.png 300w\" sizes=\"auto, (max-width: 334px) 100vw, 334px\" \/><\/p>\n<\/div>\n<\/div><\/div><\/div><\/div><\/div><\/div>","protected":false},"excerpt":{"rendered":"<p>Wie alles begann Es war ein ganz normaler Arbeitstag in 2014. Sebastian arbeitete als beratender Ingenieur im Bereich Erneuerbare Energien und entwarf gerade Pl\u00e4ne f\u00fcr die Energieversorgung eines Landes, in dem er noch nie war. Bisher hatte er in seiner jungen Karriere schon haufenweise Papier produziert, Reports geschrieben, Tabellen-Kalkulationen durchgef\u00fchrt\u2026 Er sp\u00fcrte eine Leere in&hellip;<\/p>","protected":false},"author":1,"featured_media":0,"parent":0,"menu_order":0,"comment_status":"closed","ping_status":"closed","template":"","meta":{"footnotes":""},"class_list":["post-2746","page","type-page","status-publish","hentry","description-off"],"yoast_head":"<!-- This site is optimized with the Yoast SEO plugin v27.3 - https:\/\/yoast.com\/product\/yoast-seo-wordpress\/ -->\n<title>Wie alles begann: Unsere Geschichte | SunHelp<\/title>\n<meta name=\"robots\" content=\"index, follow, max-snippet:-1, max-image-preview:large, max-video-preview:-1\" \/>\n<link rel=\"canonical\" href=\"https:\/\/sunhelp.de\/en\/unsere-geschichte\/\" \/>\n<meta property=\"og:locale\" content=\"en_GB\" \/>\n<meta property=\"og:type\" content=\"article\" \/>\n<meta property=\"og:title\" content=\"Wie alles begann: Unsere Geschichte | SunHelp\" \/>\n<meta property=\"og:description\" content=\"Wie alles begann Es war ein ganz normaler Arbeitstag in 2014. Sebastian arbeitete als beratender Ingenieur im Bereich Erneuerbare Energien und entwarf gerade Pl\u00e4ne f\u00fcr die Energieversorgung eines Landes, in dem er noch nie war. Bisher hatte er in seiner jungen Karriere schon haufenweise Papier produziert, Reports geschrieben, Tabellen-Kalkulationen durchgef\u00fchrt\u2026 Er sp\u00fcrte eine Leere in&hellip;\" \/>\n<meta property=\"og:url\" content=\"https:\/\/sunhelp.de\/en\/unsere-geschichte\/\" \/>\n<meta property=\"og:site_name\" content=\"SunHelp International e.V.\" \/>\n<meta property=\"article:publisher\" content=\"https:\/\/www.facebook.com\/sunhelpinternational\/\" \/>\n<meta property=\"article:modified_time\" content=\"2024-07-06T08:28:01+00:00\" \/>\n<meta property=\"og:image\" content=\"https:\/\/sunhelp.de\/wp-content\/uploads\/2020\/06\/sunhelp-projekt-seidenstrasse-story.jpg\" \/>\n<meta name=\"twitter:label1\" content=\"Estimated reading time\" \/>\n\t<meta name=\"twitter:data1\" content=\"5 minutes\" \/>\n<script type=\"application\/ld+json\" class=\"yoast-schema-graph\">{\"@context\":\"https:\\\/\\\/schema.org\",\"@graph\":[{\"@type\":\"WebPage\",\"@id\":\"https:\\\/\\\/sunhelp.de\\\/unsere-geschichte\\\/\",\"url\":\"https:\\\/\\\/sunhelp.de\\\/unsere-geschichte\\\/\",\"name\":\"Wie alles begann: Unsere Geschichte | SunHelp\",\"isPartOf\":{\"@id\":\"https:\\\/\\\/sunhelp.de\\\/#website\"},\"primaryImageOfPage\":{\"@id\":\"https:\\\/\\\/sunhelp.de\\\/unsere-geschichte\\\/#primaryimage\"},\"image\":{\"@id\":\"https:\\\/\\\/sunhelp.de\\\/unsere-geschichte\\\/#primaryimage\"},\"thumbnailUrl\":\"https:\\\/\\\/sunhelp.de\\\/wp-content\\\/uploads\\\/2020\\\/06\\\/sunhelp-projekt-seidenstrasse-story.jpg\",\"datePublished\":\"2020-05-29T11:32:58+00:00\",\"dateModified\":\"2024-07-06T08:28:01+00:00\",\"breadcrumb\":{\"@id\":\"https:\\\/\\\/sunhelp.de\\\/unsere-geschichte\\\/#breadcrumb\"},\"inLanguage\":\"en-GB\",\"potentialAction\":[{\"@type\":\"ReadAction\",\"target\":[\"https:\\\/\\\/sunhelp.de\\\/unsere-geschichte\\\/\"]}]},{\"@type\":\"ImageObject\",\"inLanguage\":\"en-GB\",\"@id\":\"https:\\\/\\\/sunhelp.de\\\/unsere-geschichte\\\/#primaryimage\",\"url\":\"https:\\\/\\\/sunhelp.de\\\/wp-content\\\/uploads\\\/2020\\\/06\\\/sunhelp-projekt-seidenstrasse-story.jpg\",\"contentUrl\":\"https:\\\/\\\/sunhelp.de\\\/wp-content\\\/uploads\\\/2020\\\/06\\\/sunhelp-projekt-seidenstrasse-story.jpg\"},{\"@type\":\"BreadcrumbList\",\"@id\":\"https:\\\/\\\/sunhelp.de\\\/unsere-geschichte\\\/#breadcrumb\",\"itemListElement\":[{\"@type\":\"ListItem\",\"position\":1,\"name\":\"Startseite\",\"item\":\"https:\\\/\\\/sunhelp.de\\\/\"},{\"@type\":\"ListItem\",\"position\":2,\"name\":\"Unsere Geschichte\"}]},{\"@type\":\"WebSite\",\"@id\":\"https:\\\/\\\/sunhelp.de\\\/#website\",\"url\":\"https:\\\/\\\/sunhelp.de\\\/\",\"name\":\"SunHelp International e.V.\",\"description\":\"Wir bringen Licht ins Dunkel\",\"publisher\":{\"@id\":\"https:\\\/\\\/sunhelp.de\\\/#organization\"},\"potentialAction\":[{\"@type\":\"SearchAction\",\"target\":{\"@type\":\"EntryPoint\",\"urlTemplate\":\"https:\\\/\\\/sunhelp.de\\\/?s={search_term_string}\"},\"query-input\":{\"@type\":\"PropertyValueSpecification\",\"valueRequired\":true,\"valueName\":\"search_term_string\"}}],\"inLanguage\":\"en-GB\"},{\"@type\":\"Organization\",\"@id\":\"https:\\\/\\\/sunhelp.de\\\/#organization\",\"name\":\"SunHelp International e.V.\",\"url\":\"https:\\\/\\\/sunhelp.de\\\/\",\"logo\":{\"@type\":\"ImageObject\",\"inLanguage\":\"en-GB\",\"@id\":\"https:\\\/\\\/sunhelp.de\\\/#\\\/schema\\\/logo\\\/image\\\/\",\"url\":\"https:\\\/\\\/sunhelp.de\\\/wp-content\\\/uploads\\\/2020\\\/01\\\/sunhelp-logo-2020-g.png\",\"contentUrl\":\"https:\\\/\\\/sunhelp.de\\\/wp-content\\\/uploads\\\/2020\\\/01\\\/sunhelp-logo-2020-g.png\",\"width\":600,\"height\":240,\"caption\":\"SunHelp International e.V.\"},\"image\":{\"@id\":\"https:\\\/\\\/sunhelp.de\\\/#\\\/schema\\\/logo\\\/image\\\/\"},\"sameAs\":[\"https:\\\/\\\/www.facebook.com\\\/sunhelpinternational\\\/\",\"https:\\\/\\\/www.linkedin.com\\\/organization-guest\\\/company\\\/sunhelp\",\"https:\\\/\\\/www.youtube.com\\\/channel\\\/UCO_QdidX9qEuHwT87D70Ysg\"]}]}<\/script>\n<!-- \/ Yoast SEO plugin. -->","yoast_head_json":{"title":"Wie alles begann: Unsere Geschichte | SunHelp","robots":{"index":"index","follow":"follow","max-snippet":"max-snippet:-1","max-image-preview":"max-image-preview:large","max-video-preview":"max-video-preview:-1"},"canonical":"https:\/\/sunhelp.de\/en\/unsere-geschichte\/","og_locale":"en_GB","og_type":"article","og_title":"Wie alles begann: Unsere Geschichte | SunHelp","og_description":"Wie alles begann Es war ein ganz normaler Arbeitstag in 2014. Sebastian arbeitete als beratender Ingenieur im Bereich Erneuerbare Energien und entwarf gerade Pl\u00e4ne f\u00fcr die Energieversorgung eines Landes, in dem er noch nie war. Bisher hatte er in seiner jungen Karriere schon haufenweise Papier produziert, Reports geschrieben, Tabellen-Kalkulationen durchgef\u00fchrt\u2026 Er sp\u00fcrte eine Leere in&hellip;","og_url":"https:\/\/sunhelp.de\/en\/unsere-geschichte\/","og_site_name":"SunHelp International e.V.","article_publisher":"https:\/\/www.facebook.com\/sunhelpinternational\/","article_modified_time":"2024-07-06T08:28:01+00:00","og_image":[{"url":"https:\/\/sunhelp.de\/wp-content\/uploads\/2020\/06\/sunhelp-projekt-seidenstrasse-story.jpg","type":"","width":"","height":""}],"twitter_misc":{"Estimated reading time":"5 minutes"},"schema":{"@context":"https:\/\/schema.org","@graph":[{"@type":"WebPage","@id":"https:\/\/sunhelp.de\/unsere-geschichte\/","url":"https:\/\/sunhelp.de\/unsere-geschichte\/","name":"Wie alles begann: Unsere Geschichte | SunHelp","isPartOf":{"@id":"https:\/\/sunhelp.de\/#website"},"primaryImageOfPage":{"@id":"https:\/\/sunhelp.de\/unsere-geschichte\/#primaryimage"},"image":{"@id":"https:\/\/sunhelp.de\/unsere-geschichte\/#primaryimage"},"thumbnailUrl":"https:\/\/sunhelp.de\/wp-content\/uploads\/2020\/06\/sunhelp-projekt-seidenstrasse-story.jpg","datePublished":"2020-05-29T11:32:58+00:00","dateModified":"2024-07-06T08:28:01+00:00","breadcrumb":{"@id":"https:\/\/sunhelp.de\/unsere-geschichte\/#breadcrumb"},"inLanguage":"en-GB","potentialAction":[{"@type":"ReadAction","target":["https:\/\/sunhelp.de\/unsere-geschichte\/"]}]},{"@type":"ImageObject","inLanguage":"en-GB","@id":"https:\/\/sunhelp.de\/unsere-geschichte\/#primaryimage","url":"https:\/\/sunhelp.de\/wp-content\/uploads\/2020\/06\/sunhelp-projekt-seidenstrasse-story.jpg","contentUrl":"https:\/\/sunhelp.de\/wp-content\/uploads\/2020\/06\/sunhelp-projekt-seidenstrasse-story.jpg"},{"@type":"BreadcrumbList","@id":"https:\/\/sunhelp.de\/unsere-geschichte\/#breadcrumb","itemListElement":[{"@type":"ListItem","position":1,"name":"Startseite","item":"https:\/\/sunhelp.de\/"},{"@type":"ListItem","position":2,"name":"Unsere Geschichte"}]},{"@type":"WebSite","@id":"https:\/\/sunhelp.de\/#website","url":"https:\/\/sunhelp.de\/","name":"SunHelp International e.V.","description":"We light up the dark","publisher":{"@id":"https:\/\/sunhelp.de\/#organization"},"potentialAction":[{"@type":"SearchAction","target":{"@type":"EntryPoint","urlTemplate":"https:\/\/sunhelp.de\/?s={search_term_string}"},"query-input":{"@type":"PropertyValueSpecification","valueRequired":true,"valueName":"search_term_string"}}],"inLanguage":"en-GB"},{"@type":"Organization","@id":"https:\/\/sunhelp.de\/#organization","name":"SunHelp International e.V.","url":"https:\/\/sunhelp.de\/","logo":{"@type":"ImageObject","inLanguage":"en-GB","@id":"https:\/\/sunhelp.de\/#\/schema\/logo\/image\/","url":"https:\/\/sunhelp.de\/wp-content\/uploads\/2020\/01\/sunhelp-logo-2020-g.png","contentUrl":"https:\/\/sunhelp.de\/wp-content\/uploads\/2020\/01\/sunhelp-logo-2020-g.png","width":600,"height":240,"caption":"SunHelp International e.V."},"image":{"@id":"https:\/\/sunhelp.de\/#\/schema\/logo\/image\/"},"sameAs":["https:\/\/www.facebook.com\/sunhelpinternational\/","https:\/\/www.linkedin.com\/organization-guest\/company\/sunhelp","https:\/\/www.youtube.com\/channel\/UCO_QdidX9qEuHwT87D70Ysg"]}]}},"_links":{"self":[{"href":"https:\/\/sunhelp.de\/en\/wp-json\/wp\/v2\/pages\/2746","targetHints":{"allow":["GET"]}}],"collection":[{"href":"https:\/\/sunhelp.de\/en\/wp-json\/wp\/v2\/pages"}],"about":[{"href":"https:\/\/sunhelp.de\/en\/wp-json\/wp\/v2\/types\/page"}],"author":[{"embeddable":true,"href":"https:\/\/sunhelp.de\/en\/wp-json\/wp\/v2\/users\/1"}],"replies":[{"embeddable":true,"href":"https:\/\/sunhelp.de\/en\/wp-json\/wp\/v2\/comments?post=2746"}],"version-history":[{"count":61,"href":"https:\/\/sunhelp.de\/en\/wp-json\/wp\/v2\/pages\/2746\/revisions"}],"predecessor-version":[{"id":3717,"href":"https:\/\/sunhelp.de\/en\/wp-json\/wp\/v2\/pages\/2746\/revisions\/3717"}],"wp:attachment":[{"href":"https:\/\/sunhelp.de\/en\/wp-json\/wp\/v2\/media?parent=2746"}],"curies":[{"name":"wp","href":"https:\/\/api.w.org\/{rel}","templated":true}]}}