{"id":2524,"date":"2020-05-28T15:38:36","date_gmt":"2020-05-28T13:38:36","guid":{"rendered":"https:\/\/sunhelp.de\/?page_id=2524"},"modified":"2020-05-29T12:32:30","modified_gmt":"2020-05-29T10:32:30","slug":"vorgehensweise","status":"publish","type":"page","link":"https:\/\/sunhelp.de\/en\/vorgehensweise\/","title":{"rendered":"How we work"},"content":{"rendered":"<div id=\"pl-2524\"  class=\"panel-layout\" ><div id=\"pg-2524-0\"  class=\"panel-grid panel-has-style\" ><div class=\"siteorigin-panels-stretch panel-row-style panel-row-style-for-2524-0\" data-stretch-type=\"full\" ><div id=\"pgc-2524-0-0\"  class=\"panel-grid-cell panel-grid-cell-mobile-last\" ><div id=\"panel-2524-0-0-0\" class=\"so-panel widget widget_sow-editor panel-first-child\" data-index=\"0\" ><div class=\"panel-widget-style panel-widget-style-for-2524-0-0-0\" ><div\n\t\t\t\n\t\t\tclass=\"so-widget-sow-editor so-widget-sow-editor-base\"\n\t\t\t\n\t\t>\n<div class=\"siteorigin-widget-tinymce textwidget\">\n\t<h2><span style=\"color: #88ba57;\">10 STEPS TO SUCCESS<\/span><\/h2>\n<\/div>\n<\/div><\/div><\/div><div id=\"panel-2524-0-0-1\" class=\"so-panel widget widget_ink-divider panel-last-child\" data-index=\"1\" ><div\n\t\t\t\n\t\t\tclass=\"so-widget-ink-divider so-widget-ink-divider-divider-0fe3fade51c9-2524\"\n\t\t\t\n\t\t><div class=\"iw-so-divider-top\"><\/div>\n<div class=\"iw-so-divider\"><\/div>\n<div class=\"iw-so-divider-bottom\"><\/div>\n<\/div><\/div><\/div><div id=\"pgc-2524-0-1\"  class=\"panel-grid-cell panel-grid-cell-empty\" ><\/div><\/div><\/div><div id=\"pg-2524-1\"  class=\"panel-grid panel-has-style\" ><div class=\"siteorigin-panels-stretch panel-row-style panel-row-style-for-2524-1\" data-stretch-type=\"full\" ><div id=\"pgc-2524-1-0\"  class=\"panel-grid-cell\" ><div id=\"panel-2524-1-0-0\" class=\"so-panel widget widget_sow-editor panel-first-child\" data-index=\"2\" ><div class=\"panel-widget-style panel-widget-style-for-2524-1-0-0\" ><div\n\t\t\t\n\t\t\tclass=\"so-widget-sow-editor so-widget-sow-editor-base\"\n\t\t\t\n\t\t>\n<div class=\"siteorigin-widget-tinymce textwidget\">\n\t<h3 class=\"sow-sub-headline\">Our projects should be as sustainable as solar energy itself<\/h3>\n<\/div>\n<\/div><\/div><\/div><div id=\"panel-2524-1-0-1\" class=\"so-panel widget widget_sow-editor panel-last-child\" data-index=\"3\" ><div class=\"panel-widget-style panel-widget-style-for-2524-1-0-1\" ><div\n\t\t\t\n\t\t\tclass=\"so-widget-sow-editor so-widget-sow-editor-base\"\n\t\t\t\n\t\t>\n<div class=\"siteorigin-widget-tinymce textwidget\">\n\t<p>Therefore, our association always works closely with <strong>local aid organizations (NGO), local project workers and regional authorities<\/strong> to guarantee successful project implementation.<\/p>\n<p>In addition, we train <strong>project helpers and contact persons<\/strong> on various solar energy topics on site and thus enable <strong>long-term care of the solar systems<\/strong> even after we have left.<\/p>\n<\/div>\n<\/div><\/div><\/div><\/div><div id=\"pgc-2524-1-1\"  class=\"panel-grid-cell\" ><div id=\"panel-2524-1-1-0\" class=\"so-panel widget widget_sow-image panel-first-child panel-last-child\" data-index=\"4\" ><div class=\"panel-widget-style panel-widget-style-for-2524-1-1-0\" ><div\n\t\t\t\n\t\t\tclass=\"so-widget-sow-image so-widget-sow-image-default-c67d20f9f743-2524\"\n\t\t\t\n\t\t>\n<div class=\"sow-image-container\">\n\t\t<img \n\tsrc=\"https:\/\/sunhelp.de\/wp-content\/uploads\/2020\/05\/kambodscha-entwicklungshilfe-solar.jpg\" width=\"900\" height=\"600\" srcset=\"https:\/\/sunhelp.de\/wp-content\/uploads\/2020\/05\/kambodscha-entwicklungshilfe-solar.jpg 900w, https:\/\/sunhelp.de\/wp-content\/uploads\/2020\/05\/kambodscha-entwicklungshilfe-solar-300x200.jpg 300w, https:\/\/sunhelp.de\/wp-content\/uploads\/2020\/05\/kambodscha-entwicklungshilfe-solar-768x512.jpg 768w, https:\/\/sunhelp.de\/wp-content\/uploads\/2020\/05\/kambodscha-entwicklungshilfe-solar-600x400.jpg 600w, https:\/\/sunhelp.de\/wp-content\/uploads\/2020\/05\/kambodscha-entwicklungshilfe-solar-272x182.jpg 272w\" sizes=\"(max-width: 900px) 100vw, 900px\" alt=\"kambodscha-entwicklungshilfe-solar\" \t\tclass=\"so-widget-image\"\/>\n\t<\/div>\n\n<\/div><\/div><\/div><\/div><\/div><\/div><div id=\"pg-2524-2\"  class=\"panel-grid panel-has-style\" ><div class=\"siteorigin-panels-stretch panel-row-style panel-row-style-for-2524-2\" data-stretch-type=\"full-stretched\" ><div id=\"pgc-2524-2-0\"  class=\"panel-grid-cell\" ><div id=\"panel-2524-2-0-0\" class=\"so-panel widget widget_ink-divider panel-first-child panel-last-child\" data-index=\"5\" ><div\n\t\t\t\n\t\t\tclass=\"so-widget-ink-divider so-widget-ink-divider-divider-8ce012f9ab67-2524\"\n\t\t\t\n\t\t><div class=\"iw-so-divider-top\"><\/div>\n<div class=\"iw-so-divider\"><\/div>\n<div class=\"iw-so-divider-bottom\"><\/div>\n<\/div><\/div><\/div><\/div><\/div><div id=\"pg-2524-3\"  class=\"panel-grid panel-has-style\" ><div class=\"panel-row-style panel-row-style-for-2524-3\" ><div id=\"pgc-2524-3-0\"  class=\"panel-grid-cell\" ><div id=\"panel-2524-3-0-0\" class=\"so-panel widget widget_sow-editor panel-first-child panel-last-child\" data-index=\"6\" ><div class=\"panel-widget-style panel-widget-style-for-2524-3-0-0\" ><div\n\t\t\t\n\t\t\tclass=\"so-widget-sow-editor so-widget-sow-editor-base\"\n\t\t\t\n\t\t>\n<div class=\"siteorigin-widget-tinymce textwidget\">\n\t<p><div id=\"attachment_2550\" style=\"width: 490px\" class=\"wp-caption aligncenter\"><a href=\"https:\/\/sunhelp.de\/wp-content\/uploads\/2020\/05\/Infografik-SunHelp-Arbeitsweise.png\" target=\"_blank\" rel=\"noopener\"><img aria-describedby=\"caption-attachment-2550\" loading=\"lazy\" decoding=\"async\" class=\"wp-image-2550\" title=\"In 10 Schritten zum Erfolg - so arbeiten wir!\" src=\"https:\/\/sunhelp.de\/wp-content\/uploads\/2020\/05\/Infografik-SunHelp-Arbeitsweise.png\" alt=\"Infografik-SunHelp-Arbeitsweise\" width=\"480\" height=\"1200\" srcset=\"https:\/\/sunhelp.de\/wp-content\/uploads\/2020\/05\/Infografik-SunHelp-Arbeitsweise.png 800w, https:\/\/sunhelp.de\/wp-content\/uploads\/2020\/05\/Infografik-SunHelp-Arbeitsweise-80x200.png 80w, https:\/\/sunhelp.de\/wp-content\/uploads\/2020\/05\/Infografik-SunHelp-Arbeitsweise-410x1024.png 410w, https:\/\/sunhelp.de\/wp-content\/uploads\/2020\/05\/Infografik-SunHelp-Arbeitsweise-768x1920.png 768w, https:\/\/sunhelp.de\/wp-content\/uploads\/2020\/05\/Infografik-SunHelp-Arbeitsweise-614x1536.png 614w\" sizes=\"auto, (max-width: 480px) 100vw, 480px\" \/><\/a><\/p>\n<p id=\"caption-attachment-2550\" class=\"wp-caption-text\"><center>\u00bb Click on the picture for a larger view [infographic only available in German] \u00ab<\/center><\/p>\n<\/div>\n<\/div>\n<\/div><\/div><\/div><\/div><div id=\"pgc-2524-3-1\"  class=\"panel-grid-cell\" ><div id=\"panel-2524-3-1-0\" class=\"so-panel widget widget_sow-editor panel-first-child\" data-index=\"7\" ><div class=\"panel-widget-style panel-widget-style-for-2524-3-1-0\" ><div\n\t\t\t\n\t\t\tclass=\"so-widget-sow-editor so-widget-sow-editor-base\"\n\t\t\t\n\t\t>\n<div class=\"siteorigin-widget-tinymce textwidget\">\n\t<h3 style=\"text-align: center;\">10 steps for more sustainability<\/h3>\n<\/div>\n<\/div><\/div><\/div><div id=\"panel-2524-3-1-1\" class=\"so-panel widget widget_ink-divider\" data-index=\"8\" ><div\n\t\t\t\n\t\t\tclass=\"so-widget-ink-divider so-widget-ink-divider-divider-bb9c6f43f956-2524\"\n\t\t\t\n\t\t><div class=\"iw-so-divider-top\"><\/div>\n<div class=\"iw-so-divider\"><\/div>\n<div class=\"iw-so-divider-bottom\"><\/div>\n<\/div><\/div><div id=\"panel-2524-3-1-2\" class=\"so-panel widget widget_sow-editor\" data-index=\"9\" ><div class=\"panel-widget-style panel-widget-style-for-2524-3-1-2\" ><div\n\t\t\t\n\t\t\tclass=\"so-widget-sow-editor so-widget-sow-editor-base\"\n\t\t\t\n\t\t>\n<div class=\"siteorigin-widget-tinymce textwidget\">\n\t<p>Since the people affected often do not speak English, they primarily turn to a contact person we have designated (usually someone from a local organization) if they have problems or questions. If the issue cannot be resolved immediately or if there are still any queries, then <strong>the contact person will contact us directly<\/strong> and together we will find a sustainable solution for those affected.<\/p>\n<p>This approach enables us to ensure that our project locations are also looked after when we are no longer on site.<\/p>\n<\/div>\n<\/div><\/div><\/div><div id=\"panel-2524-3-1-3\" class=\"so-panel widget widget_sow-button\" data-index=\"10\" ><div class=\"panel-widget-style panel-widget-style-for-2524-3-1-3\" ><div\n\t\t\t\n\t\t\tclass=\"so-widget-sow-button so-widget-sow-button-wire-9f8f657a7cd9-2524\"\n\t\t\t\n\t\t><div class=\"ow-button-base ow-button-align-center\"\n>\n\t\t\t<a\n\t\t\t\t\thref=\"https:\/\/sunhelp.de\/en\/spenden\/\"\n\t\t\t\t\tclass=\"sowb-button ow-icon-placement-left ow-button-hover\" \t>\n\t\t<span>\n\t\t\t\n\t\t\tDonate now!\t\t<\/span>\n\t\t\t<\/a>\n\t<\/div>\n<\/div><\/div><\/div><div id=\"panel-2524-3-1-4\" class=\"so-panel widget widget_sow-editor\" data-index=\"11\" ><div class=\"panel-widget-style panel-widget-style-for-2524-3-1-4\" ><div\n\t\t\t\n\t\t\tclass=\"so-widget-sow-editor so-widget-sow-editor-base\"\n\t\t\t\n\t\t>\n<div class=\"siteorigin-widget-tinymce textwidget\">\n\t<p>Many of our active members<strong> travel to developing countries themselves<\/strong>\u00a0and take care of the independent realization of further projects. If this is not possible, the contract can also be awarded to a local company that will install the solar systems according to our specifications.<\/p>\n<p>&nbsp;<\/p>\n<p>In the case of successful cooperation, our local project helpers independently implement new solar projects, with coordination and financing continuing to be handled by our association.<\/p>\n<p>Both the technical and economic planning phase, the entire financing and the implementation of the projects are always carried out by the <strong>voluntary commitment<\/strong>, the knowledge and qualifications of our members.<\/p>\n<\/div>\n<\/div><\/div><\/div><div id=\"panel-2524-3-1-5\" class=\"so-panel widget widget_sow-button\" data-index=\"12\" ><div class=\"panel-widget-style panel-widget-style-for-2524-3-1-5\" ><div\n\t\t\t\n\t\t\tclass=\"so-widget-sow-button so-widget-sow-button-wire-9f8f657a7cd9-2524\"\n\t\t\t\n\t\t><div class=\"ow-button-base ow-button-align-center\"\n>\n\t\t\t<a\n\t\t\t\t\thref=\"https:\/\/sunhelp.de\/en\/mitglied-werden\/\"\n\t\t\t\t\tclass=\"sowb-button ow-icon-placement-left ow-button-hover\" \t>\n\t\t<span>\n\t\t\t\n\t\t\tBecome a Member\t\t<\/span>\n\t\t\t<\/a>\n\t<\/div>\n<\/div><\/div><\/div><div id=\"panel-2524-3-1-6\" class=\"so-panel widget widget_sow-editor panel-last-child\" data-index=\"13\" ><div class=\"panel-widget-style panel-widget-style-for-2524-3-1-6\" ><div\n\t\t\t\n\t\t\tclass=\"so-widget-sow-editor so-widget-sow-editor-base\"\n\t\t\t\n\t\t>\n<div class=\"siteorigin-widget-tinymce textwidget\">\n\t<p>A special feature of the association is that the internal association communication of all project phases takes place online. This means that the members have <strong>maximum flexibility<\/strong> in terms of time and location.<\/p>\n<\/div>\n<\/div><\/div><\/div><\/div><\/div><\/div><div id=\"pg-2524-4\"  class=\"panel-grid panel-has-style\" ><div class=\"siteorigin-panels-stretch panel-row-style panel-row-style-for-2524-4\" data-stretch-type=\"full-stretched\" ><div id=\"pgc-2524-4-0\"  class=\"panel-grid-cell panel-grid-cell-empty\" ><\/div><div id=\"pgc-2524-4-1\"  class=\"panel-grid-cell\" ><div id=\"panel-2524-4-1-0\" class=\"so-panel widget widget_sow-editor panel-first-child panel-last-child\" data-index=\"14\" ><div\n\t\t\t\n\t\t\tclass=\"so-widget-sow-editor so-widget-sow-editor-base\"\n\t\t\t\n\t\t>\n<div class=\"siteorigin-widget-tinymce textwidget\">\n\t<p><img loading=\"lazy\" decoding=\"async\" class=\"wp-image-1554 aligncenter\" title=\"Sebastian Haffner: Vorstandsvorsitzender SunHelp e.V.\" src=\"https:\/\/sunhelp.de\/wp-content\/uploads\/2020\/01\/sebastian-haffner-vorstand-sunhelp.png\" alt=\"Sebastian Haffner: Vorstandsvorsitzender SunHelp e.V.\" width=\"150\" height=\"150\" srcset=\"https:\/\/sunhelp.de\/wp-content\/uploads\/2020\/01\/sebastian-haffner-vorstand-sunhelp.png 300w, https:\/\/sunhelp.de\/wp-content\/uploads\/2020\/01\/sebastian-haffner-vorstand-sunhelp-200x200.png 200w, https:\/\/sunhelp.de\/wp-content\/uploads\/2020\/01\/sebastian-haffner-vorstand-sunhelp-150x150.png 150w\" sizes=\"auto, (max-width: 150px) 100vw, 150px\" \/><\/p>\n<p><img loading=\"lazy\" decoding=\"async\" class=\"alignnone wp-image-912 aligncenter\" src=\"https:\/\/sunhelp.de\/wp-content\/uploads\/2020\/01\/sebastian-haffner-unterschrift.png\" alt=\"Sebastian Haffner Unterschrift\" width=\"200\" height=\"30\" srcset=\"https:\/\/sunhelp.de\/wp-content\/uploads\/2020\/01\/sebastian-haffner-unterschrift.png 400w, https:\/\/sunhelp.de\/wp-content\/uploads\/2020\/01\/sebastian-haffner-unterschrift-300x45.png 300w\" sizes=\"auto, (max-width: 200px) 100vw, 200px\" \/><\/p>\n<\/div>\n<\/div><\/div><\/div><div id=\"pgc-2524-4-2\"  class=\"panel-grid-cell panel-grid-cell-mobile-last\" ><div id=\"panel-2524-4-2-0\" class=\"so-panel widget widget_sow-editor panel-first-child panel-last-child\" data-index=\"15\" ><div class=\"panel-widget-style panel-widget-style-for-2524-4-2-0\" ><div\n\t\t\t\n\t\t\tclass=\"so-widget-sow-editor so-widget-sow-editor-base\"\n\t\t\t\n\t\t>\n<div class=\"siteorigin-widget-tinymce textwidget\">\n\t<p style=\"font-size: 110%; text-align: center;\">Do you have any questions? Please write me a message:<\/p>\n<p style=\"font-size: 110%; text-align: center;\"><a style=\"color: #88ba57;\" href=\"mailto:sebastian@sunhelp.de\">sebastian@sunhelp.de<\/a><\/p>\n<\/div>\n<\/div><\/div><\/div><\/div><div id=\"pgc-2524-4-3\"  class=\"panel-grid-cell panel-grid-cell-empty\" ><\/div><\/div><\/div><\/div>","protected":false},"excerpt":{"rendered":"<p>IN 10 SCHRITTEN ZUM ERFOLG Unsere Projekte sollen so nachhaltig sein wie die Solarenergie selbst Daher arbeitet unser Verein immer eng mit ortsans\u00e4ssigen Hilfsorganisationen (NGO), lokalen Projekthelfern und regionalen Beh\u00f6rden zusammen um eine erfolgreiche Projektumsetzung zu garantieren. Zus\u00e4tzlich bilden wir Projekthelfer und Ansprechpartner zu verschiedenen Solarenergie-Themen vor Ort aus und erm\u00f6glichen somit eine langfristige Betreuung&hellip;<\/p>","protected":false},"author":1,"featured_media":0,"parent":0,"menu_order":0,"comment_status":"closed","ping_status":"closed","template":"","meta":{"footnotes":""},"class_list":["post-2524","page","type-page","status-publish","hentry","description-off"],"yoast_head":"<!-- This site is optimized with the Yoast SEO plugin v27.3 - https:\/\/yoast.com\/product\/yoast-seo-wordpress\/ -->\n<title>In 10 Schritten zum Erfolg: So arbeiten wir | SunHelp<\/title>\n<meta name=\"robots\" content=\"index, follow, max-snippet:-1, max-image-preview:large, max-video-preview:-1\" \/>\n<link rel=\"canonical\" href=\"https:\/\/sunhelp.de\/en\/vorgehensweise\/\" \/>\n<meta property=\"og:locale\" content=\"en_GB\" \/>\n<meta property=\"og:type\" content=\"article\" \/>\n<meta property=\"og:title\" content=\"In 10 Schritten zum Erfolg: So arbeiten wir | SunHelp\" \/>\n<meta property=\"og:description\" content=\"IN 10 SCHRITTEN ZUM ERFOLG Unsere Projekte sollen so nachhaltig sein wie die Solarenergie selbst Daher arbeitet unser Verein immer eng mit ortsans\u00e4ssigen Hilfsorganisationen (NGO), lokalen Projekthelfern und regionalen Beh\u00f6rden zusammen um eine erfolgreiche Projektumsetzung zu garantieren. Zus\u00e4tzlich bilden wir Projekthelfer und Ansprechpartner zu verschiedenen Solarenergie-Themen vor Ort aus und erm\u00f6glichen somit eine langfristige Betreuung&hellip;\" \/>\n<meta property=\"og:url\" content=\"https:\/\/sunhelp.de\/en\/vorgehensweise\/\" \/>\n<meta property=\"og:site_name\" content=\"SunHelp International e.V.\" \/>\n<meta property=\"article:publisher\" content=\"https:\/\/www.facebook.com\/sunhelpinternational\/\" \/>\n<meta property=\"article:modified_time\" content=\"2020-05-29T10:32:30+00:00\" \/>\n<meta property=\"og:image\" content=\"https:\/\/sunhelp.de\/wp-content\/uploads\/2020\/05\/Infografik-SunHelp-Arbeitsweise.png\" \/>\n<meta name=\"twitter:label1\" content=\"Estimated reading time\" \/>\n\t<meta name=\"twitter:data1\" content=\"2 minutes\" \/>\n<script type=\"application\/ld+json\" class=\"yoast-schema-graph\">{\"@context\":\"https:\\\/\\\/schema.org\",\"@graph\":[{\"@type\":\"WebPage\",\"@id\":\"https:\\\/\\\/sunhelp.de\\\/vorgehensweise\\\/\",\"url\":\"https:\\\/\\\/sunhelp.de\\\/vorgehensweise\\\/\",\"name\":\"In 10 Schritten zum Erfolg: So arbeiten wir | SunHelp\",\"isPartOf\":{\"@id\":\"https:\\\/\\\/sunhelp.de\\\/#website\"},\"primaryImageOfPage\":{\"@id\":\"https:\\\/\\\/sunhelp.de\\\/vorgehensweise\\\/#primaryimage\"},\"image\":{\"@id\":\"https:\\\/\\\/sunhelp.de\\\/vorgehensweise\\\/#primaryimage\"},\"thumbnailUrl\":\"https:\\\/\\\/sunhelp.de\\\/wp-content\\\/uploads\\\/2020\\\/05\\\/Infografik-SunHelp-Arbeitsweise.png\",\"datePublished\":\"2020-05-28T13:38:36+00:00\",\"dateModified\":\"2020-05-29T10:32:30+00:00\",\"breadcrumb\":{\"@id\":\"https:\\\/\\\/sunhelp.de\\\/vorgehensweise\\\/#breadcrumb\"},\"inLanguage\":\"en-GB\",\"potentialAction\":[{\"@type\":\"ReadAction\",\"target\":[\"https:\\\/\\\/sunhelp.de\\\/vorgehensweise\\\/\"]}]},{\"@type\":\"ImageObject\",\"inLanguage\":\"en-GB\",\"@id\":\"https:\\\/\\\/sunhelp.de\\\/vorgehensweise\\\/#primaryimage\",\"url\":\"https:\\\/\\\/sunhelp.de\\\/wp-content\\\/uploads\\\/2020\\\/05\\\/Infografik-SunHelp-Arbeitsweise.png\",\"contentUrl\":\"https:\\\/\\\/sunhelp.de\\\/wp-content\\\/uploads\\\/2020\\\/05\\\/Infografik-SunHelp-Arbeitsweise.png\"},{\"@type\":\"BreadcrumbList\",\"@id\":\"https:\\\/\\\/sunhelp.de\\\/vorgehensweise\\\/#breadcrumb\",\"itemListElement\":[{\"@type\":\"ListItem\",\"position\":1,\"name\":\"Startseite\",\"item\":\"https:\\\/\\\/sunhelp.de\\\/\"},{\"@type\":\"ListItem\",\"position\":2,\"name\":\"So arbeiten wir\"}]},{\"@type\":\"WebSite\",\"@id\":\"https:\\\/\\\/sunhelp.de\\\/#website\",\"url\":\"https:\\\/\\\/sunhelp.de\\\/\",\"name\":\"SunHelp International e.V.\",\"description\":\"Wir bringen Licht ins Dunkel\",\"publisher\":{\"@id\":\"https:\\\/\\\/sunhelp.de\\\/#organization\"},\"potentialAction\":[{\"@type\":\"SearchAction\",\"target\":{\"@type\":\"EntryPoint\",\"urlTemplate\":\"https:\\\/\\\/sunhelp.de\\\/?s={search_term_string}\"},\"query-input\":{\"@type\":\"PropertyValueSpecification\",\"valueRequired\":true,\"valueName\":\"search_term_string\"}}],\"inLanguage\":\"en-GB\"},{\"@type\":\"Organization\",\"@id\":\"https:\\\/\\\/sunhelp.de\\\/#organization\",\"name\":\"SunHelp International e.V.\",\"url\":\"https:\\\/\\\/sunhelp.de\\\/\",\"logo\":{\"@type\":\"ImageObject\",\"inLanguage\":\"en-GB\",\"@id\":\"https:\\\/\\\/sunhelp.de\\\/#\\\/schema\\\/logo\\\/image\\\/\",\"url\":\"https:\\\/\\\/sunhelp.de\\\/wp-content\\\/uploads\\\/2020\\\/01\\\/sunhelp-logo-2020-g.png\",\"contentUrl\":\"https:\\\/\\\/sunhelp.de\\\/wp-content\\\/uploads\\\/2020\\\/01\\\/sunhelp-logo-2020-g.png\",\"width\":600,\"height\":240,\"caption\":\"SunHelp International e.V.\"},\"image\":{\"@id\":\"https:\\\/\\\/sunhelp.de\\\/#\\\/schema\\\/logo\\\/image\\\/\"},\"sameAs\":[\"https:\\\/\\\/www.facebook.com\\\/sunhelpinternational\\\/\",\"https:\\\/\\\/www.linkedin.com\\\/organization-guest\\\/company\\\/sunhelp\",\"https:\\\/\\\/www.youtube.com\\\/channel\\\/UCO_QdidX9qEuHwT87D70Ysg\"]}]}<\/script>\n<!-- \/ Yoast SEO plugin. -->","yoast_head_json":{"title":"In 10 Schritten zum Erfolg: So arbeiten wir | SunHelp","robots":{"index":"index","follow":"follow","max-snippet":"max-snippet:-1","max-image-preview":"max-image-preview:large","max-video-preview":"max-video-preview:-1"},"canonical":"https:\/\/sunhelp.de\/en\/vorgehensweise\/","og_locale":"en_GB","og_type":"article","og_title":"In 10 Schritten zum Erfolg: So arbeiten wir | SunHelp","og_description":"IN 10 SCHRITTEN ZUM ERFOLG Unsere Projekte sollen so nachhaltig sein wie die Solarenergie selbst Daher arbeitet unser Verein immer eng mit ortsans\u00e4ssigen Hilfsorganisationen (NGO), lokalen Projekthelfern und regionalen Beh\u00f6rden zusammen um eine erfolgreiche Projektumsetzung zu garantieren. Zus\u00e4tzlich bilden wir Projekthelfer und Ansprechpartner zu verschiedenen Solarenergie-Themen vor Ort aus und erm\u00f6glichen somit eine langfristige Betreuung&hellip;","og_url":"https:\/\/sunhelp.de\/en\/vorgehensweise\/","og_site_name":"SunHelp International e.V.","article_publisher":"https:\/\/www.facebook.com\/sunhelpinternational\/","article_modified_time":"2020-05-29T10:32:30+00:00","og_image":[{"url":"https:\/\/sunhelp.de\/wp-content\/uploads\/2020\/05\/Infografik-SunHelp-Arbeitsweise.png","type":"","width":"","height":""}],"twitter_misc":{"Estimated reading time":"2 minutes"},"schema":{"@context":"https:\/\/schema.org","@graph":[{"@type":"WebPage","@id":"https:\/\/sunhelp.de\/vorgehensweise\/","url":"https:\/\/sunhelp.de\/vorgehensweise\/","name":"In 10 Schritten zum Erfolg: So arbeiten wir | SunHelp","isPartOf":{"@id":"https:\/\/sunhelp.de\/#website"},"primaryImageOfPage":{"@id":"https:\/\/sunhelp.de\/vorgehensweise\/#primaryimage"},"image":{"@id":"https:\/\/sunhelp.de\/vorgehensweise\/#primaryimage"},"thumbnailUrl":"https:\/\/sunhelp.de\/wp-content\/uploads\/2020\/05\/Infografik-SunHelp-Arbeitsweise.png","datePublished":"2020-05-28T13:38:36+00:00","dateModified":"2020-05-29T10:32:30+00:00","breadcrumb":{"@id":"https:\/\/sunhelp.de\/vorgehensweise\/#breadcrumb"},"inLanguage":"en-GB","potentialAction":[{"@type":"ReadAction","target":["https:\/\/sunhelp.de\/vorgehensweise\/"]}]},{"@type":"ImageObject","inLanguage":"en-GB","@id":"https:\/\/sunhelp.de\/vorgehensweise\/#primaryimage","url":"https:\/\/sunhelp.de\/wp-content\/uploads\/2020\/05\/Infografik-SunHelp-Arbeitsweise.png","contentUrl":"https:\/\/sunhelp.de\/wp-content\/uploads\/2020\/05\/Infografik-SunHelp-Arbeitsweise.png"},{"@type":"BreadcrumbList","@id":"https:\/\/sunhelp.de\/vorgehensweise\/#breadcrumb","itemListElement":[{"@type":"ListItem","position":1,"name":"Startseite","item":"https:\/\/sunhelp.de\/"},{"@type":"ListItem","position":2,"name":"So arbeiten wir"}]},{"@type":"WebSite","@id":"https:\/\/sunhelp.de\/#website","url":"https:\/\/sunhelp.de\/","name":"SunHelp International e.V.","description":"We light up the dark","publisher":{"@id":"https:\/\/sunhelp.de\/#organization"},"potentialAction":[{"@type":"SearchAction","target":{"@type":"EntryPoint","urlTemplate":"https:\/\/sunhelp.de\/?s={search_term_string}"},"query-input":{"@type":"PropertyValueSpecification","valueRequired":true,"valueName":"search_term_string"}}],"inLanguage":"en-GB"},{"@type":"Organization","@id":"https:\/\/sunhelp.de\/#organization","name":"SunHelp International e.V.","url":"https:\/\/sunhelp.de\/","logo":{"@type":"ImageObject","inLanguage":"en-GB","@id":"https:\/\/sunhelp.de\/#\/schema\/logo\/image\/","url":"https:\/\/sunhelp.de\/wp-content\/uploads\/2020\/01\/sunhelp-logo-2020-g.png","contentUrl":"https:\/\/sunhelp.de\/wp-content\/uploads\/2020\/01\/sunhelp-logo-2020-g.png","width":600,"height":240,"caption":"SunHelp International e.V."},"image":{"@id":"https:\/\/sunhelp.de\/#\/schema\/logo\/image\/"},"sameAs":["https:\/\/www.facebook.com\/sunhelpinternational\/","https:\/\/www.linkedin.com\/organization-guest\/company\/sunhelp","https:\/\/www.youtube.com\/channel\/UCO_QdidX9qEuHwT87D70Ysg"]}]}},"_links":{"self":[{"href":"https:\/\/sunhelp.de\/en\/wp-json\/wp\/v2\/pages\/2524","targetHints":{"allow":["GET"]}}],"collection":[{"href":"https:\/\/sunhelp.de\/en\/wp-json\/wp\/v2\/pages"}],"about":[{"href":"https:\/\/sunhelp.de\/en\/wp-json\/wp\/v2\/types\/page"}],"author":[{"embeddable":true,"href":"https:\/\/sunhelp.de\/en\/wp-json\/wp\/v2\/users\/1"}],"replies":[{"embeddable":true,"href":"https:\/\/sunhelp.de\/en\/wp-json\/wp\/v2\/comments?post=2524"}],"version-history":[{"count":59,"href":"https:\/\/sunhelp.de\/en\/wp-json\/wp\/v2\/pages\/2524\/revisions"}],"predecessor-version":[{"id":2694,"href":"https:\/\/sunhelp.de\/en\/wp-json\/wp\/v2\/pages\/2524\/revisions\/2694"}],"wp:attachment":[{"href":"https:\/\/sunhelp.de\/en\/wp-json\/wp\/v2\/media?parent=2524"}],"curies":[{"name":"wp","href":"https:\/\/api.w.org\/{rel}","templated":true}]}}